{"id":540,"date":"2024-11-12T22:53:56","date_gmt":"2024-11-12T22:53:56","guid":{"rendered":"https:\/\/ecoprogroup-ks.com\/home\/"},"modified":"2024-11-19T16:06:12","modified_gmt":"2024-11-19T16:06:12","slug":"ballina","status":"publish","type":"page","link":"https:\/\/ecoprogroup-ks.com\/sq\/","title":{"rendered":"BALLINA"},"content":{"rendered":"\t\t<div data-elementor-type=\"wp-page\" data-elementor-id=\"540\" class=\"elementor elementor-540\">\n\t\t\t\t<div class=\"elementor-element elementor-element-2cb5f4f e-flex e-con-boxed e-con e-parent\" data-id=\"2cb5f4f\" data-element_type=\"container\" data-settings=\"{&quot;background_background&quot;:&quot;classic&quot;}\">\n\t\t\t\t\t<div class=\"e-con-inner\">\n\t\t<div class=\"elementor-element elementor-element-fe6a729 e-con-full e-flex e-con e-child\" data-id=\"fe6a729\" data-element_type=\"container\">\n\t\t\t\t<div class=\"elementor-element elementor-element-de48581 elementor-widget elementor-widget-heading\" data-id=\"de48581\" data-element_type=\"widget\" data-widget_type=\"heading.default\">\n\t\t\t\t<div class=\"elementor-widget-container\">\n\t\t\t<h3 class=\"elementor-heading-title elementor-size-default\">Cil\u00ebsi dhe garanci<\/h3>\t\t<\/div>\n\t\t\t\t<\/div>\n\t\t\t\t<div class=\"elementor-element elementor-element-8966e55 elementor-widget-divider--view-line elementor-widget elementor-widget-divider\" data-id=\"8966e55\" data-element_type=\"widget\" data-widget_type=\"divider.default\">\n\t\t\t\t<div class=\"elementor-widget-container\">\n\t\t\t\t\t<div class=\"elementor-divider\">\n\t\t\t<span class=\"elementor-divider-separator\">\n\t\t\t\t\t\t<\/span>\n\t\t<\/div>\n\t\t\t\t<\/div>\n\t\t\t\t<\/div>\n\t\t\t\t<div class=\"elementor-element elementor-element-c7345d2 elementor-widget elementor-widget-heading\" data-id=\"c7345d2\" data-element_type=\"widget\" data-widget_type=\"heading.default\">\n\t\t\t\t<div class=\"elementor-widget-container\">\n\t\t\t<h1 class=\"elementor-heading-title elementor-size-default\">Produkte t\u00eb plastik\u00ebs<\/h1>\t\t<\/div>\n\t\t\t\t<\/div>\n\t\t\t\t<div class=\"elementor-element elementor-element-7ba1da6 elementor-align-center elementor-widget elementor-widget-button\" data-id=\"7ba1da6\" data-element_type=\"widget\" data-widget_type=\"button.default\">\n\t\t\t\t<div class=\"elementor-widget-container\">\n\t\t\t\t\t\t\t<div class=\"elementor-button-wrapper\">\n\t\t\t\t\t<a class=\"elementor-button elementor-button-link elementor-size-sm\" href=\"#\">\n\t\t\t\t\t\t<span class=\"elementor-button-content-wrapper\">\n\t\t\t\t\t\t\t\t\t<span class=\"elementor-button-text\">Kontaktoni<\/span>\n\t\t\t\t\t<\/span>\n\t\t\t\t\t<\/a>\n\t\t\t\t<\/div>\n\t\t\t\t\t\t<\/div>\n\t\t\t\t<\/div>\n\t\t\t\t<\/div>\n\t\t\t\t\t<\/div>\n\t\t\t\t<\/div>\n\t\t<div class=\"elementor-element elementor-element-556ef17 e-flex e-con-boxed e-con e-parent\" data-id=\"556ef17\" data-element_type=\"container\">\n\t\t\t\t\t<div class=\"e-con-inner\">\n\t\t<div class=\"elementor-element elementor-element-40552d9 e-con-full e-flex e-con e-child\" data-id=\"40552d9\" data-element_type=\"container\">\n\t\t\t\t<div class=\"elementor-element elementor-element-2fa8427 elementor-widget elementor-widget-heading\" data-id=\"2fa8427\" data-element_type=\"widget\" data-widget_type=\"heading.default\">\n\t\t\t\t<div class=\"elementor-widget-container\">\n\t\t\t<h2 class=\"elementor-heading-title elementor-size-default\">Produktet tona<\/h2>\t\t<\/div>\n\t\t\t\t<\/div>\n\t\t\t\t<div class=\"elementor-element elementor-element-e9a8110 elementor-widget-divider--view-line elementor-widget elementor-widget-divider\" data-id=\"e9a8110\" data-element_type=\"widget\" data-widget_type=\"divider.default\">\n\t\t\t\t<div class=\"elementor-widget-container\">\n\t\t\t\t\t<div class=\"elementor-divider\">\n\t\t\t<span class=\"elementor-divider-separator\">\n\t\t\t\t\t\t<\/span>\n\t\t<\/div>\n\t\t\t\t<\/div>\n\t\t\t\t<\/div>\n\t\t<div class=\"elementor-element elementor-element-0e50bf9 e-con-full e-flex e-con e-child\" data-id=\"0e50bf9\" data-element_type=\"container\">\n\t\t<div class=\"elementor-element elementor-element-b2acd4a e-con-full e-flex e-con e-child\" data-id=\"b2acd4a\" data-element_type=\"container\">\n\t\t\t\t<div class=\"elementor-element elementor-element-5818b3c elementor-widget elementor-widget-image\" data-id=\"5818b3c\" data-element_type=\"widget\" data-widget_type=\"image.default\">\n\t\t\t\t<div class=\"elementor-widget-container\">\n\t\t\t\t\t\t\t\t\t\t\t\t\t<img fetchpriority=\"high\" decoding=\"async\" width=\"746\" height=\"550\" src=\"https:\/\/ecoprogroup-ks.com\/wp-content\/uploads\/2024\/11\/WhatsApp-Image-2024-11-13-at-16.29.46-2-1-e1731798575531.jpeg\" class=\"attachment-full size-full wp-image-1414\" alt=\"\" srcset=\"https:\/\/ecoprogroup-ks.com\/wp-content\/uploads\/2024\/11\/WhatsApp-Image-2024-11-13-at-16.29.46-2-1-e1731798575531.jpeg 746w, https:\/\/ecoprogroup-ks.com\/wp-content\/uploads\/2024\/11\/WhatsApp-Image-2024-11-13-at-16.29.46-2-1-e1731798575531-300x221.jpeg 300w\" sizes=\"(max-width: 746px) 100vw, 746px\" \/>\t\t\t\t\t\t\t\t\t\t\t\t\t<\/div>\n\t\t\t\t<\/div>\n\t\t\t\t<div class=\"elementor-element elementor-element-984f40e elementor-widget elementor-widget-image-box\" data-id=\"984f40e\" data-element_type=\"widget\" data-widget_type=\"image-box.default\">\n\t\t\t\t<div class=\"elementor-widget-container\">\n\t\t\t<div class=\"elementor-image-box-wrapper\"><div class=\"elementor-image-box-content\"><h5 class=\"elementor-image-box-title\">Produkte Plastike t\u00eb Dizajnuara <\/h5><p class=\"elementor-image-box-description\">Koleksioni yn\u00eb i produkteve plastike \u00ebsht\u00eb krijuar p\u00ebr t\u00eb p\u00ebrmbushur \u00e7do nevoj\u00eb t\u00eb p\u00ebrditshme me cil\u00ebsi t\u00eb lart\u00eb dhe dizajn t\u00eb q\u00ebndruesh\u00ebm.<\/p><\/div><\/div>\t\t<\/div>\n\t\t\t\t<\/div>\n\t\t\t\t<div class=\"elementor-element elementor-element-57b3a72 elementor-align-center elementor-widget elementor-widget-button\" data-id=\"57b3a72\" data-element_type=\"widget\" data-widget_type=\"button.default\">\n\t\t\t\t<div class=\"elementor-widget-container\">\n\t\t\t\t\t\t\t<div class=\"elementor-button-wrapper\">\n\t\t\t\t\t<a class=\"elementor-button elementor-button-link elementor-size-sm\" href=\"#\">\n\t\t\t\t\t\t<span class=\"elementor-button-content-wrapper\">\n\t\t\t\t\t\t<span class=\"elementor-button-icon\">\n\t\t\t\t<svg aria-hidden=\"true\" class=\"e-font-icon-svg e-fas-long-arrow-alt-right\" viewBox=\"0 0 448 512\" xmlns=\"http:\/\/www.w3.org\/2000\/svg\"><path d=\"M313.941 216H12c-6.627 0-12 5.373-12 12v56c0 6.627 5.373 12 12 12h301.941v46.059c0 21.382 25.851 32.09 40.971 16.971l86.059-86.059c9.373-9.373 9.373-24.569 0-33.941l-86.059-86.059c-15.119-15.119-40.971-4.411-40.971 16.971V216z\"><\/path><\/svg>\t\t\t<\/span>\n\t\t\t\t\t\t\t\t\t<span class=\"elementor-button-text\">Produktet<\/span>\n\t\t\t\t\t<\/span>\n\t\t\t\t\t<\/a>\n\t\t\t\t<\/div>\n\t\t\t\t\t\t<\/div>\n\t\t\t\t<\/div>\n\t\t\t\t<\/div>\n\t\t<div class=\"elementor-element elementor-element-80afafb e-con-full e-flex e-con e-child\" data-id=\"80afafb\" data-element_type=\"container\">\n\t\t\t\t<div class=\"elementor-element elementor-element-e2faee6 elementor-widget elementor-widget-image\" data-id=\"e2faee6\" data-element_type=\"widget\" data-widget_type=\"image.default\">\n\t\t\t\t<div class=\"elementor-widget-container\">\n\t\t\t\t\t\t\t\t\t\t\t\t\t<img decoding=\"async\" width=\"1600\" height=\"1200\" src=\"https:\/\/ecoprogroup-ks.com\/wp-content\/uploads\/2024\/11\/WhatsApp-Image-2024-10-19-at-17.00.18.jpeg\" class=\"attachment-full size-full wp-image-1402\" alt=\"\" srcset=\"https:\/\/ecoprogroup-ks.com\/wp-content\/uploads\/2024\/11\/WhatsApp-Image-2024-10-19-at-17.00.18.jpeg 1600w, https:\/\/ecoprogroup-ks.com\/wp-content\/uploads\/2024\/11\/WhatsApp-Image-2024-10-19-at-17.00.18-300x225.jpeg 300w, https:\/\/ecoprogroup-ks.com\/wp-content\/uploads\/2024\/11\/WhatsApp-Image-2024-10-19-at-17.00.18-1024x768.jpeg 1024w, https:\/\/ecoprogroup-ks.com\/wp-content\/uploads\/2024\/11\/WhatsApp-Image-2024-10-19-at-17.00.18-768x576.jpeg 768w, https:\/\/ecoprogroup-ks.com\/wp-content\/uploads\/2024\/11\/WhatsApp-Image-2024-10-19-at-17.00.18-1536x1152.jpeg 1536w\" sizes=\"(max-width: 1600px) 100vw, 1600px\" \/>\t\t\t\t\t\t\t\t\t\t\t\t\t<\/div>\n\t\t\t\t<\/div>\n\t\t\t\t<div class=\"elementor-element elementor-element-53001c6 elementor-widget elementor-widget-image-box\" data-id=\"53001c6\" data-element_type=\"widget\" data-widget_type=\"image-box.default\">\n\t\t\t\t<div class=\"elementor-widget-container\">\n\t\t\t<div class=\"elementor-image-box-wrapper\"><div class=\"elementor-image-box-content\"><h5 class=\"elementor-image-box-title\">Cil\u00ebsi ne produkte tona<\/h5><p class=\"elementor-image-box-description\">Produktet tona plastike dallohen p\u00ebr q\u00ebndrueshm\u00ebrin\u00eb dhe funksionalitetin e tyre, duke p\u00ebrmbushur k\u00ebrkesat p\u00ebr nj\u00eb zgjidhje t\u00eb besueshme dhe t\u00eb p\u00ebrshtatshme.<\/p><\/div><\/div>\t\t<\/div>\n\t\t\t\t<\/div>\n\t\t\t\t<div class=\"elementor-element elementor-element-dd7988d elementor-align-center elementor-widget elementor-widget-button\" data-id=\"dd7988d\" data-element_type=\"widget\" data-widget_type=\"button.default\">\n\t\t\t\t<div class=\"elementor-widget-container\">\n\t\t\t\t\t\t\t<div class=\"elementor-button-wrapper\">\n\t\t\t\t\t<a class=\"elementor-button elementor-button-link elementor-size-sm\" href=\"#\">\n\t\t\t\t\t\t<span class=\"elementor-button-content-wrapper\">\n\t\t\t\t\t\t<span class=\"elementor-button-icon\">\n\t\t\t\t<svg aria-hidden=\"true\" class=\"e-font-icon-svg e-fas-long-arrow-alt-right\" viewBox=\"0 0 448 512\" xmlns=\"http:\/\/www.w3.org\/2000\/svg\"><path d=\"M313.941 216H12c-6.627 0-12 5.373-12 12v56c0 6.627 5.373 12 12 12h301.941v46.059c0 21.382 25.851 32.09 40.971 16.971l86.059-86.059c9.373-9.373 9.373-24.569 0-33.941l-86.059-86.059c-15.119-15.119-40.971-4.411-40.971 16.971V216z\"><\/path><\/svg>\t\t\t<\/span>\n\t\t\t\t\t\t\t\t\t<span class=\"elementor-button-text\">Produktet<\/span>\n\t\t\t\t\t<\/span>\n\t\t\t\t\t<\/a>\n\t\t\t\t<\/div>\n\t\t\t\t\t\t<\/div>\n\t\t\t\t<\/div>\n\t\t\t\t<\/div>\n\t\t\t\t<\/div>\n\t\t\t\t<\/div>\n\t\t\t\t\t<\/div>\n\t\t\t\t<\/div>\n\t\t<div class=\"elementor-element elementor-element-24c68a1 e-flex e-con-boxed e-con e-parent\" data-id=\"24c68a1\" data-element_type=\"container\" data-settings=\"{&quot;background_background&quot;:&quot;classic&quot;}\">\n\t\t\t\t\t<div class=\"e-con-inner\">\n\t\t<div class=\"elementor-element elementor-element-c761d1d e-con-full e-flex e-con e-child\" data-id=\"c761d1d\" data-element_type=\"container\">\n\t\t\t\t<div class=\"elementor-element elementor-element-c004b04 elementor-widget elementor-widget-heading\" data-id=\"c004b04\" data-element_type=\"widget\" data-widget_type=\"heading.default\">\n\t\t\t\t<div class=\"elementor-widget-container\">\n\t\t\t<h2 class=\"elementor-heading-title elementor-size-default\">Produkte Plastike Cil\u00ebsore<\/h2>\t\t<\/div>\n\t\t\t\t<\/div>\n\t\t\t\t<div class=\"elementor-element elementor-element-93ea5d2 elementor-widget-divider--view-line elementor-widget elementor-widget-divider\" data-id=\"93ea5d2\" data-element_type=\"widget\" data-widget_type=\"divider.default\">\n\t\t\t\t<div class=\"elementor-widget-container\">\n\t\t\t\t\t<div class=\"elementor-divider\">\n\t\t\t<span class=\"elementor-divider-separator\">\n\t\t\t\t\t\t<\/span>\n\t\t<\/div>\n\t\t\t\t<\/div>\n\t\t\t\t<\/div>\n\t\t\t\t<div class=\"elementor-element elementor-element-ccfcc53 elementor-widget elementor-widget-text-editor\" data-id=\"ccfcc53\" data-element_type=\"widget\" data-widget_type=\"text-editor.default\">\n\t\t\t\t<div class=\"elementor-widget-container\">\n\t\t\t\t\t\t\t<div class=\"elementor-element elementor-element-5c668a9 elementor-widget elementor-widget-text-editor\" data-id=\"5c668a9\" data-element_type=\"widget\" data-widget_type=\"text-editor.default\"><div class=\"elementor-widget-container\"><p>Zbuloni koleksionin ton\u00eb t\u00eb produkteve plastike t\u00eb cil\u00ebsis\u00eb s\u00eb lart\u00eb, t\u00eb dizajnuara p\u00ebr prakticitet dhe stil<\/p><\/div><\/div><div class=\"elementor-element elementor-element-c2a6e40 elementor-tablet-align-center elementor-align-left elementor-widget elementor-widget-button\" data-id=\"c2a6e40\" data-element_type=\"widget\" data-widget_type=\"button.default\"><div class=\"elementor-widget-container\"><div class=\"elementor-button-wrapper\">\u00a0<\/div><\/div><\/div>\t\t\t\t\t\t<\/div>\n\t\t\t\t<\/div>\n\t\t\t\t<div class=\"elementor-element elementor-element-6ac07a6 elementor-align-left elementor-mobile-align-left elementor-widget elementor-widget-button\" data-id=\"6ac07a6\" data-element_type=\"widget\" data-widget_type=\"button.default\">\n\t\t\t\t<div class=\"elementor-widget-container\">\n\t\t\t\t\t\t\t<div class=\"elementor-button-wrapper\">\n\t\t\t\t\t<a class=\"elementor-button elementor-button-link elementor-size-sm\" href=\"#\">\n\t\t\t\t\t\t<span class=\"elementor-button-content-wrapper\">\n\t\t\t\t\t\t<span class=\"elementor-button-icon\">\n\t\t\t\t<svg aria-hidden=\"true\" class=\"e-font-icon-svg e-fas-long-arrow-alt-right\" viewBox=\"0 0 448 512\" xmlns=\"http:\/\/www.w3.org\/2000\/svg\"><path d=\"M313.941 216H12c-6.627 0-12 5.373-12 12v56c0 6.627 5.373 12 12 12h301.941v46.059c0 21.382 25.851 32.09 40.971 16.971l86.059-86.059c9.373-9.373 9.373-24.569 0-33.941l-86.059-86.059c-15.119-15.119-40.971-4.411-40.971 16.971V216z\"><\/path><\/svg>\t\t\t<\/span>\n\t\t\t\t\t\t\t\t\t<span class=\"elementor-button-text\">Kontaktoni<\/span>\n\t\t\t\t\t<\/span>\n\t\t\t\t\t<\/a>\n\t\t\t\t<\/div>\n\t\t\t\t\t\t<\/div>\n\t\t\t\t<\/div>\n\t\t\t\t<\/div>\n\t\t\t\t\t<\/div>\n\t\t\t\t<\/div>\n\t\t<div class=\"elementor-element elementor-element-3565d7f e-flex e-con-boxed e-con e-parent\" data-id=\"3565d7f\" data-element_type=\"container\">\n\t\t\t\t\t<div class=\"e-con-inner\">\n\t\t<div class=\"elementor-element elementor-element-bc902d9 e-con-full e-flex e-con e-child\" data-id=\"bc902d9\" data-element_type=\"container\">\n\t\t\t\t<div class=\"elementor-element elementor-element-569d77b elementor-widget elementor-widget-heading\" data-id=\"569d77b\" data-element_type=\"widget\" data-widget_type=\"heading.default\">\n\t\t\t\t<div class=\"elementor-widget-container\">\n\t\t\t<h2 class=\"elementor-heading-title elementor-size-default\">Plastik\u00eb cil\u00ebsore\n<\/h2>\t\t<\/div>\n\t\t\t\t<\/div>\n\t\t\t\t<div class=\"elementor-element elementor-element-db189e6 elementor-widget-divider--view-line elementor-widget elementor-widget-divider\" data-id=\"db189e6\" data-element_type=\"widget\" data-widget_type=\"divider.default\">\n\t\t\t\t<div class=\"elementor-widget-container\">\n\t\t\t\t\t<div class=\"elementor-divider\">\n\t\t\t<span class=\"elementor-divider-separator\">\n\t\t\t\t\t\t<\/span>\n\t\t<\/div>\n\t\t\t\t<\/div>\n\t\t\t\t<\/div>\n\t\t\t\t<div class=\"elementor-element elementor-element-ce554e8 elementor-widget elementor-widget-text-editor\" data-id=\"ce554e8\" data-element_type=\"widget\" data-widget_type=\"text-editor.default\">\n\t\t\t\t<div class=\"elementor-widget-container\">\n\t\t\t\t\t\t\t<p>Produkte cil\u00ebsore plastike t\u00eb dizajnuara p\u00ebr t\u00eb ofruar q\u00ebndrueshm\u00ebri, funksionalitet dhe estetik\u00eb n\u00eb \u00e7do rast. Koleksioni yn\u00eb p\u00ebrfshin tasa, pjata, gota dhe mjete plastike t\u00eb p\u00ebrshtatshme p\u00ebr p\u00ebrdorim t\u00eb p\u00ebrditsh\u00ebm apo ngjarje speciale.<\/p>\t\t\t\t\t\t<\/div>\n\t\t\t\t<\/div>\n\t\t\t\t<div class=\"elementor-element elementor-element-a63cbf6 elementor-align-left elementor-mobile-align-left elementor-widget elementor-widget-button\" data-id=\"a63cbf6\" data-element_type=\"widget\" data-widget_type=\"button.default\">\n\t\t\t\t<div class=\"elementor-widget-container\">\n\t\t\t\t\t\t\t<div class=\"elementor-button-wrapper\">\n\t\t\t\t\t<a class=\"elementor-button elementor-button-link elementor-size-sm\" href=\"#\">\n\t\t\t\t\t\t<span class=\"elementor-button-content-wrapper\">\n\t\t\t\t\t\t\t\t\t<span class=\"elementor-button-text\">Kontaktoni<\/span>\n\t\t\t\t\t<\/span>\n\t\t\t\t\t<\/a>\n\t\t\t\t<\/div>\n\t\t\t\t\t\t<\/div>\n\t\t\t\t<\/div>\n\t\t\t\t<\/div>\n\t\t<div class=\"elementor-element elementor-element-b966e9a e-con-full e-flex e-con e-child\" data-id=\"b966e9a\" data-element_type=\"container\">\n\t\t\t\t<div class=\"elementor-element elementor-element-739e5cd elementor-widget elementor-widget-image\" data-id=\"739e5cd\" data-element_type=\"widget\" data-widget_type=\"image.default\">\n\t\t\t\t<div class=\"elementor-widget-container\">\n\t\t\t\t\t\t\t\t\t\t\t\t\t<img decoding=\"async\" width=\"1024\" height=\"684\" src=\"https:\/\/ecoprogroup-ks.com\/wp-content\/uploads\/2024\/11\/gc473d6bf907bb762e1b4694496a703214ce264e3ed8393f298e9f3439cd42b7a47c457ff821388a1a37dcb817ea0599bac40a70cb5118536a2440d2385e9d466_1280-3491995-1024x684.jpg\" class=\"attachment-large size-large wp-image-1266\" alt=\"plate, china, eating\" srcset=\"https:\/\/ecoprogroup-ks.com\/wp-content\/uploads\/2024\/11\/gc473d6bf907bb762e1b4694496a703214ce264e3ed8393f298e9f3439cd42b7a47c457ff821388a1a37dcb817ea0599bac40a70cb5118536a2440d2385e9d466_1280-3491995-1024x684.jpg 1024w, https:\/\/ecoprogroup-ks.com\/wp-content\/uploads\/2024\/11\/gc473d6bf907bb762e1b4694496a703214ce264e3ed8393f298e9f3439cd42b7a47c457ff821388a1a37dcb817ea0599bac40a70cb5118536a2440d2385e9d466_1280-3491995-300x200.jpg 300w, https:\/\/ecoprogroup-ks.com\/wp-content\/uploads\/2024\/11\/gc473d6bf907bb762e1b4694496a703214ce264e3ed8393f298e9f3439cd42b7a47c457ff821388a1a37dcb817ea0599bac40a70cb5118536a2440d2385e9d466_1280-3491995-768x513.jpg 768w, https:\/\/ecoprogroup-ks.com\/wp-content\/uploads\/2024\/11\/gc473d6bf907bb762e1b4694496a703214ce264e3ed8393f298e9f3439cd42b7a47c457ff821388a1a37dcb817ea0599bac40a70cb5118536a2440d2385e9d466_1280-3491995-e1731452648672.jpg 644w\" sizes=\"(max-width: 1024px) 100vw, 1024px\" \/>\t\t\t\t\t\t\t\t\t\t\t\t\t<\/div>\n\t\t\t\t<\/div>\n\t\t\t\t<div class=\"elementor-element elementor-element-89cd348 elementor-widget elementor-widget-image\" data-id=\"89cd348\" data-element_type=\"widget\" data-widget_type=\"image.default\">\n\t\t\t\t<div class=\"elementor-widget-container\">\n\t\t\t\t\t\t\t\t\t\t\t\t\t<img loading=\"lazy\" decoding=\"async\" width=\"2560\" height=\"1716\" src=\"https:\/\/ecoprogroup-ks.com\/wp-content\/uploads\/2024\/11\/pexels-photo-8679072-8679072-scaled.jpg\" class=\"attachment-full size-full wp-image-1236\" alt=\"Close-up of hands toasting with citrus-infused drinks in outdoor setting.\" srcset=\"https:\/\/ecoprogroup-ks.com\/wp-content\/uploads\/2024\/11\/pexels-photo-8679072-8679072-scaled.jpg 2560w, https:\/\/ecoprogroup-ks.com\/wp-content\/uploads\/2024\/11\/pexels-photo-8679072-8679072-300x201.jpg 300w, https:\/\/ecoprogroup-ks.com\/wp-content\/uploads\/2024\/11\/pexels-photo-8679072-8679072-1024x686.jpg 1024w, https:\/\/ecoprogroup-ks.com\/wp-content\/uploads\/2024\/11\/pexels-photo-8679072-8679072-768x515.jpg 768w, https:\/\/ecoprogroup-ks.com\/wp-content\/uploads\/2024\/11\/pexels-photo-8679072-8679072-1536x1030.jpg 1536w, https:\/\/ecoprogroup-ks.com\/wp-content\/uploads\/2024\/11\/pexels-photo-8679072-8679072-2048x1373.jpg 2048w\" sizes=\"(max-width: 2560px) 100vw, 2560px\" \/>\t\t\t\t\t\t\t\t\t\t\t\t\t<\/div>\n\t\t\t\t<\/div>\n\t\t\t\t<\/div>\n\t\t<div class=\"elementor-element elementor-element-1ac5c7c e-con-full e-flex e-con e-child\" data-id=\"1ac5c7c\" data-element_type=\"container\">\n\t\t\t\t<div class=\"elementor-element elementor-element-3ca2455 elementor-widget elementor-widget-image\" data-id=\"3ca2455\" data-element_type=\"widget\" data-widget_type=\"image.default\">\n\t\t\t\t<div class=\"elementor-widget-container\">\n\t\t\t\t\t\t\t\t\t\t\t\t\t<img loading=\"lazy\" decoding=\"async\" width=\"2560\" height=\"1709\" src=\"https:\/\/ecoprogroup-ks.com\/wp-content\/uploads\/2024\/11\/eco-friendly-tableware-assortment-scaled.jpg\" class=\"attachment-full size-full wp-image-1239\" alt=\"\" srcset=\"https:\/\/ecoprogroup-ks.com\/wp-content\/uploads\/2024\/11\/eco-friendly-tableware-assortment-scaled.jpg 2560w, https:\/\/ecoprogroup-ks.com\/wp-content\/uploads\/2024\/11\/eco-friendly-tableware-assortment-300x200.jpg 300w, https:\/\/ecoprogroup-ks.com\/wp-content\/uploads\/2024\/11\/eco-friendly-tableware-assortment-1024x683.jpg 1024w, https:\/\/ecoprogroup-ks.com\/wp-content\/uploads\/2024\/11\/eco-friendly-tableware-assortment-768x513.jpg 768w, https:\/\/ecoprogroup-ks.com\/wp-content\/uploads\/2024\/11\/eco-friendly-tableware-assortment-1536x1025.jpg 1536w, https:\/\/ecoprogroup-ks.com\/wp-content\/uploads\/2024\/11\/eco-friendly-tableware-assortment-2048x1367.jpg 2048w\" sizes=\"(max-width: 2560px) 100vw, 2560px\" \/>\t\t\t\t\t\t\t\t\t\t\t\t\t<\/div>\n\t\t\t\t<\/div>\n\t\t\t\t<div class=\"elementor-element elementor-element-76399ca elementor-widget elementor-widget-image\" data-id=\"76399ca\" data-element_type=\"widget\" data-widget_type=\"image.default\">\n\t\t\t\t<div class=\"elementor-widget-container\">\n\t\t\t\t\t\t\t\t\t\t\t\t\t<img loading=\"lazy\" decoding=\"async\" width=\"1024\" height=\"683\" src=\"https:\/\/ecoprogroup-ks.com\/wp-content\/uploads\/2024\/11\/disposable-waste-plastic-pattern-blue-background-1024x683.jpg\" class=\"attachment-large size-large wp-image-1238\" alt=\"\" srcset=\"https:\/\/ecoprogroup-ks.com\/wp-content\/uploads\/2024\/11\/disposable-waste-plastic-pattern-blue-background-1024x683.jpg 1024w, https:\/\/ecoprogroup-ks.com\/wp-content\/uploads\/2024\/11\/disposable-waste-plastic-pattern-blue-background-300x200.jpg 300w, https:\/\/ecoprogroup-ks.com\/wp-content\/uploads\/2024\/11\/disposable-waste-plastic-pattern-blue-background-768x512.jpg 768w, https:\/\/ecoprogroup-ks.com\/wp-content\/uploads\/2024\/11\/disposable-waste-plastic-pattern-blue-background-1536x1024.jpg 1536w, https:\/\/ecoprogroup-ks.com\/wp-content\/uploads\/2024\/11\/disposable-waste-plastic-pattern-blue-background-2048x1365.jpg 2048w\" sizes=\"(max-width: 1024px) 100vw, 1024px\" \/>\t\t\t\t\t\t\t\t\t\t\t\t\t<\/div>\n\t\t\t\t<\/div>\n\t\t\t\t<\/div>\n\t\t\t\t\t<\/div>\n\t\t\t\t<\/div>\n\t\t\t\t<\/div>\n\t\t","protected":false},"excerpt":{"rendered":"<p>Cil\u00ebsi dhe garanci Produkte t\u00eb plastik\u00ebs Kontaktoni Produktet tona Produkte Plastike t\u00eb Dizajnuara Koleksioni yn\u00eb i produkteve plastike \u00ebsht\u00eb krijuar p\u00ebr t\u00eb p\u00ebrmbushur \u00e7do nevoj\u00eb t\u00eb p\u00ebrditshme me cil\u00ebsi t\u00eb lart\u00eb dhe dizajn t\u00eb q\u00ebndruesh\u00ebm. Produktet Cil\u00ebsi ne produkte tona Produktet tona plastike dallohen p\u00ebr q\u00ebndrueshm\u00ebrin\u00eb dhe funksionalitetin e tyre, duke p\u00ebrmbushur k\u00ebrkesat p\u00ebr nj\u00eb [&hellip;]<\/p>\n","protected":false},"author":1,"featured_media":0,"parent":0,"menu_order":0,"comment_status":"closed","ping_status":"closed","template":"","meta":{"site-sidebar-layout":"no-sidebar","site-content-layout":"page-builder","ast-site-content-layout":"full-width-container","site-content-style":"unboxed","site-sidebar-style":"unboxed","ast-global-header-display":"","ast-banner-title-visibility":"","ast-main-header-display":"","ast-hfb-above-header-display":"","ast-hfb-below-header-display":"","ast-hfb-mobile-header-display":"","site-post-title":"disabled","ast-breadcrumbs-content":"","ast-featured-img":"disabled","footer-sml-layout":"","theme-transparent-header-meta":"enabled","adv-header-id-meta":"","stick-header-meta":"","header-above-stick-meta":"","header-main-stick-meta":"","header-below-stick-meta":"","astra-migrate-meta-layouts":"set","ast-page-background-enabled":"default","ast-page-background-meta":{"desktop":{"background-color":"","background-image":"","background-repeat":"repeat","background-position":"center center","background-size":"auto","background-attachment":"scroll","background-type":"","background-media":"","overlay-type":"","overlay-color":"","overlay-opacity":"","overlay-gradient":""},"tablet":{"background-color":"","background-image":"","background-repeat":"repeat","background-position":"center center","background-size":"auto","background-attachment":"scroll","background-type":"","background-media":"","overlay-type":"","overlay-color":"","overlay-opacity":"","overlay-gradient":""},"mobile":{"background-color":"","background-image":"","background-repeat":"repeat","background-position":"center center","background-size":"auto","background-attachment":"scroll","background-type":"","background-media":"","overlay-type":"","overlay-color":"","overlay-opacity":"","overlay-gradient":""}},"ast-content-background-meta":{"desktop":{"background-color":"var(--ast-global-color-5)","background-image":"","background-repeat":"repeat","background-position":"center center","background-size":"auto","background-attachment":"scroll","background-type":"","background-media":"","overlay-type":"","overlay-color":"","overlay-opacity":"","overlay-gradient":""},"tablet":{"background-color":"var(--ast-global-color-5)","background-image":"","background-repeat":"repeat","background-position":"center center","background-size":"auto","background-attachment":"scroll","background-type":"","background-media":"","overlay-type":"","overlay-color":"","overlay-opacity":"","overlay-gradient":""},"mobile":{"background-color":"var(--ast-global-color-5)","background-image":"","background-repeat":"repeat","background-position":"center center","background-size":"auto","background-attachment":"scroll","background-type":"","background-media":"","overlay-type":"","overlay-color":"","overlay-opacity":"","overlay-gradient":""}},"footnotes":""},"class_list":["post-540","page","type-page","status-publish","hentry"],"aioseo_notices":[],"_links":{"self":[{"href":"https:\/\/ecoprogroup-ks.com\/sq\/wp-json\/wp\/v2\/pages\/540","targetHints":{"allow":["GET"]}}],"collection":[{"href":"https:\/\/ecoprogroup-ks.com\/sq\/wp-json\/wp\/v2\/pages"}],"about":[{"href":"https:\/\/ecoprogroup-ks.com\/sq\/wp-json\/wp\/v2\/types\/page"}],"author":[{"embeddable":true,"href":"https:\/\/ecoprogroup-ks.com\/sq\/wp-json\/wp\/v2\/users\/1"}],"replies":[{"embeddable":true,"href":"https:\/\/ecoprogroup-ks.com\/sq\/wp-json\/wp\/v2\/comments?post=540"}],"version-history":[{"count":11,"href":"https:\/\/ecoprogroup-ks.com\/sq\/wp-json\/wp\/v2\/pages\/540\/revisions"}],"predecessor-version":[{"id":1546,"href":"https:\/\/ecoprogroup-ks.com\/sq\/wp-json\/wp\/v2\/pages\/540\/revisions\/1546"}],"wp:attachment":[{"href":"https:\/\/ecoprogroup-ks.com\/sq\/wp-json\/wp\/v2\/media?parent=540"}],"curies":[{"name":"wp","href":"https:\/\/api.w.org\/{rel}","templated":true}]}}