{"id":1287,"date":"2024-11-12T23:35:41","date_gmt":"2024-11-12T23:35:41","guid":{"rendered":"https:\/\/ecoprogroup-ks.com\/?page_id=1287"},"modified":"2024-11-16T21:41:49","modified_gmt":"2024-11-16T21:41:49","slug":"luge-te-plastikes","status":"publish","type":"page","link":"https:\/\/ecoprogroup-ks.com\/sq\/luge-te-plastikes\/","title":{"rendered":"LUG\u00cb T\u00cb PLASTIK\u00cbS"},"content":{"rendered":"\t\t<div data-elementor-type=\"wp-post\" data-elementor-id=\"1287\" class=\"elementor elementor-1287\">\n\t\t\t\t<div class=\"elementor-element elementor-element-5f02ddf e-flex e-con-boxed e-con e-parent\" data-id=\"5f02ddf\" data-element_type=\"container\" data-settings=\"{&quot;background_background&quot;:&quot;classic&quot;}\">\n\t\t\t\t\t<div class=\"e-con-inner\">\n\t\t<div class=\"elementor-element elementor-element-0502d81 e-con-full e-flex e-con e-child\" data-id=\"0502d81\" data-element_type=\"container\">\n\t\t\t\t<div class=\"elementor-element elementor-element-03d202b elementor-invisible elementor-widget elementor-widget-heading\" data-id=\"03d202b\" data-element_type=\"widget\" data-settings=\"{&quot;_animation&quot;:&quot;fadeIn&quot;}\" data-widget_type=\"heading.default\">\n\t\t\t\t<div class=\"elementor-widget-container\">\n\t\t\t<h1 class=\"elementor-heading-title elementor-size-default\">Lug\u00eb t\u00eb plastikes<\/h1>\t\t<\/div>\n\t\t\t\t<\/div>\n\t\t\t\t<\/div>\n\t\t\t\t\t<\/div>\n\t\t\t\t<\/div>\n\t\t<div class=\"elementor-element elementor-element-ce23579 e-flex e-con-boxed e-con e-parent\" data-id=\"ce23579\" data-element_type=\"container\">\n\t\t\t\t\t<div class=\"e-con-inner\">\n\t\t<div class=\"elementor-element elementor-element-cff1245 e-con-full e-flex e-con e-child\" data-id=\"cff1245\" data-element_type=\"container\">\n\t\t<div class=\"elementor-element elementor-element-f0f0abd e-con-full e-flex e-con e-child\" data-id=\"f0f0abd\" data-element_type=\"container\">\n\t\t\t\t<div class=\"elementor-element elementor-element-f50a759 elementor-widget elementor-widget-image\" data-id=\"f50a759\" data-element_type=\"widget\" data-widget_type=\"image.default\">\n\t\t\t\t<div class=\"elementor-widget-container\">\n\t\t\t\t\t\t\t\t\t\t\t\t\t<img fetchpriority=\"high\" decoding=\"async\" width=\"1024\" height=\"1024\" src=\"https:\/\/ecoprogroup-ks.com\/wp-content\/uploads\/2024\/11\/Untitled-design-67-1024x1024.png\" class=\"attachment-large size-large wp-image-1251\" alt=\"\" srcset=\"https:\/\/ecoprogroup-ks.com\/wp-content\/uploads\/2024\/11\/Untitled-design-67-1024x1024.png 1024w, https:\/\/ecoprogroup-ks.com\/wp-content\/uploads\/2024\/11\/Untitled-design-67-300x300.png 300w, https:\/\/ecoprogroup-ks.com\/wp-content\/uploads\/2024\/11\/Untitled-design-67-150x150.png 150w, https:\/\/ecoprogroup-ks.com\/wp-content\/uploads\/2024\/11\/Untitled-design-67-768x768.png 768w, https:\/\/ecoprogroup-ks.com\/wp-content\/uploads\/2024\/11\/Untitled-design-67-1536x1536.png 1536w, https:\/\/ecoprogroup-ks.com\/wp-content\/uploads\/2024\/11\/Untitled-design-67-2048x2048.png 2048w\" sizes=\"(max-width: 1024px) 100vw, 1024px\" \/>\t\t\t\t\t\t\t\t\t\t\t\t\t<\/div>\n\t\t\t\t<\/div>\n\t\t\t\t<div class=\"elementor-element elementor-element-32d2f98 elementor-widget elementor-widget-image\" data-id=\"32d2f98\" data-element_type=\"widget\" data-widget_type=\"image.default\">\n\t\t\t\t<div class=\"elementor-widget-container\">\n\t\t\t\t\t\t\t\t\t\t\t\t\t<img decoding=\"async\" width=\"1024\" height=\"325\" src=\"https:\/\/ecoprogroup-ks.com\/wp-content\/uploads\/2024\/11\/Untitled-design-6-1-1024x325.png\" class=\"attachment-large size-large wp-image-1464\" alt=\"\" srcset=\"https:\/\/ecoprogroup-ks.com\/wp-content\/uploads\/2024\/11\/Untitled-design-6-1-1024x325.png 1024w, https:\/\/ecoprogroup-ks.com\/wp-content\/uploads\/2024\/11\/Untitled-design-6-1-300x95.png 300w, https:\/\/ecoprogroup-ks.com\/wp-content\/uploads\/2024\/11\/Untitled-design-6-1-768x244.png 768w, https:\/\/ecoprogroup-ks.com\/wp-content\/uploads\/2024\/11\/Untitled-design-6-1-1536x488.png 1536w, https:\/\/ecoprogroup-ks.com\/wp-content\/uploads\/2024\/11\/Untitled-design-6-1-2048x650.png 2048w\" sizes=\"(max-width: 1024px) 100vw, 1024px\" \/>\t\t\t\t\t\t\t\t\t\t\t\t\t<\/div>\n\t\t\t\t<\/div>\n\t\t\t\t<\/div>\n\t\t<div class=\"elementor-element elementor-element-6f199ad e-con-full e-flex e-con e-child\" data-id=\"6f199ad\" data-element_type=\"container\">\n\t\t\t\t<div class=\"elementor-element elementor-element-9d58e60 elementor-widget elementor-widget-heading\" data-id=\"9d58e60\" data-element_type=\"widget\" data-widget_type=\"heading.default\">\n\t\t\t\t<div class=\"elementor-widget-container\">\n\t\t\t<h2 class=\"elementor-heading-title elementor-size-default\"><h2 data-elementor-setting-key=\"title\" data-pen-placeholder=\"Type Here...\" style=\"font-style: normal\">Lug\u00eb plastike<span style=\"color: var(--ast-global-color-2);font-size: 2.125rem;font-style: inherit;background-color: var(--ast-global-color-4)\"><\/span><\/h2><\/h2>\t\t<\/div>\n\t\t\t\t<\/div>\n\t\t\t\t<div class=\"elementor-element elementor-element-ea6e6c3 elementor-widget-divider--view-line elementor-widget elementor-widget-divider\" data-id=\"ea6e6c3\" data-element_type=\"widget\" data-widget_type=\"divider.default\">\n\t\t\t\t<div class=\"elementor-widget-container\">\n\t\t\t\t\t<div class=\"elementor-divider\">\n\t\t\t<span class=\"elementor-divider-separator\">\n\t\t\t\t\t\t<\/span>\n\t\t<\/div>\n\t\t\t\t<\/div>\n\t\t\t\t<\/div>\n\t\t\t\t<div class=\"elementor-element elementor-element-4212766 elementor-widget elementor-widget-text-editor\" data-id=\"4212766\" data-element_type=\"widget\" data-widget_type=\"text-editor.default\">\n\t\t\t\t<div class=\"elementor-widget-container\">\n\t\t\t\t\t\t\t<table dir=\"ltr\" cellspacing=\"0\" cellpadding=\"0\" data-sheets-root=\"1\" data-sheets-baot=\"1\"><colgroup><col width=\"298\" \/><col width=\"212\" \/><\/colgroup><tbody><tr><td>BARKODI I ARTIKULLIT<\/td><td>3903008891434<\/td><\/tr><tr><td>SASIA\/COP\u00cb<\/td><td>10<\/td><\/tr><tr><td>DIMENSIONI I ARTIKULLIT\/COP\u00cb<\/td><td>215 x 75 x 35<\/td><\/tr><tr><td>PESHA E ARTIKULLIT<\/td><td>0.031 kg<\/td><\/tr><tr><td>PAKETIMI TRANSPORTUES<\/td><td>60<\/td><\/tr><tr><td>BARKODI I ARTIKULLIT N\u00cb PAKETIM<\/td><td>\u00a0<\/td><\/tr><tr><td>DIMENSIONI I ARTIKULLIT TRANSPORTUES<\/td><td>390 x 260 x 160<\/td><\/tr><tr><td>PESHA BRUTO E PAKET\u00cbS TRANSPORTUESE<\/td><td>2.10 kg<\/td><\/tr><tr><td>NUMRI I PAKETAVE TRANSPORTUESE\/PALET\u00cb<\/td><td>88<\/td><\/tr><tr><td>PESHA BRUTO\/EURO PALET\u00cb<\/td><td>206.80 kg<\/td><\/tr><tr><td>LART\u00cbSIA E PALET\u00cbS<\/td><td>2000 mm<\/td><\/tr><\/tbody><\/table>\t\t\t\t\t\t<\/div>\n\t\t\t\t<\/div>\n\t\t\t\t<\/div>\n\t\t\t\t<\/div>\n\t\t\t\t\t<\/div>\n\t\t\t\t<\/div>\n\t\t<div class=\"elementor-element elementor-element-2d50dd0 e-flex e-con-boxed e-con e-parent\" data-id=\"2d50dd0\" data-element_type=\"container\">\n\t\t\t\t\t<div class=\"e-con-inner\">\n\t\t<div class=\"elementor-element elementor-element-f60c059 e-con-full e-flex e-con e-child\" data-id=\"f60c059\" data-element_type=\"container\">\n\t\t<div class=\"elementor-element elementor-element-9f3cfe8 e-con-full e-flex e-con e-child\" data-id=\"9f3cfe8\" data-element_type=\"container\">\n\t\t\t\t<div class=\"elementor-element elementor-element-035ee2d elementor-widget elementor-widget-image\" data-id=\"035ee2d\" data-element_type=\"widget\" data-widget_type=\"image.default\">\n\t\t\t\t<div class=\"elementor-widget-container\">\n\t\t\t\t\t\t\t\t\t\t\t\t\t<img decoding=\"async\" width=\"1024\" height=\"1024\" src=\"https:\/\/ecoprogroup-ks.com\/wp-content\/uploads\/2024\/11\/Untitled-design-69-1024x1024.png\" class=\"attachment-large size-large wp-image-1253\" alt=\"\" srcset=\"https:\/\/ecoprogroup-ks.com\/wp-content\/uploads\/2024\/11\/Untitled-design-69-1024x1024.png 1024w, https:\/\/ecoprogroup-ks.com\/wp-content\/uploads\/2024\/11\/Untitled-design-69-300x300.png 300w, https:\/\/ecoprogroup-ks.com\/wp-content\/uploads\/2024\/11\/Untitled-design-69-150x150.png 150w, https:\/\/ecoprogroup-ks.com\/wp-content\/uploads\/2024\/11\/Untitled-design-69-768x768.png 768w, https:\/\/ecoprogroup-ks.com\/wp-content\/uploads\/2024\/11\/Untitled-design-69-1536x1536.png 1536w, https:\/\/ecoprogroup-ks.com\/wp-content\/uploads\/2024\/11\/Untitled-design-69-2048x2048.png 2048w\" sizes=\"(max-width: 1024px) 100vw, 1024px\" \/>\t\t\t\t\t\t\t\t\t\t\t\t\t<\/div>\n\t\t\t\t<\/div>\n\t\t\t\t<div class=\"elementor-element elementor-element-84fe0b0 elementor-widget elementor-widget-image\" data-id=\"84fe0b0\" data-element_type=\"widget\" data-widget_type=\"image.default\">\n\t\t\t\t<div class=\"elementor-widget-container\">\n\t\t\t\t\t\t\t\t\t\t\t\t\t<img loading=\"lazy\" decoding=\"async\" width=\"1024\" height=\"325\" src=\"https:\/\/ecoprogroup-ks.com\/wp-content\/uploads\/2024\/11\/Untitled-design-7-1-1024x325.png\" class=\"attachment-large size-large wp-image-1465\" alt=\"\" srcset=\"https:\/\/ecoprogroup-ks.com\/wp-content\/uploads\/2024\/11\/Untitled-design-7-1-1024x325.png 1024w, https:\/\/ecoprogroup-ks.com\/wp-content\/uploads\/2024\/11\/Untitled-design-7-1-300x95.png 300w, https:\/\/ecoprogroup-ks.com\/wp-content\/uploads\/2024\/11\/Untitled-design-7-1-768x244.png 768w, https:\/\/ecoprogroup-ks.com\/wp-content\/uploads\/2024\/11\/Untitled-design-7-1-1536x488.png 1536w, https:\/\/ecoprogroup-ks.com\/wp-content\/uploads\/2024\/11\/Untitled-design-7-1-2048x650.png 2048w\" sizes=\"(max-width: 1024px) 100vw, 1024px\" \/>\t\t\t\t\t\t\t\t\t\t\t\t\t<\/div>\n\t\t\t\t<\/div>\n\t\t\t\t<\/div>\n\t\t<div class=\"elementor-element elementor-element-45e233b e-con-full e-flex e-con e-child\" data-id=\"45e233b\" data-element_type=\"container\">\n\t\t\t\t<div class=\"elementor-element elementor-element-257472c elementor-widget elementor-widget-heading\" data-id=\"257472c\" data-element_type=\"widget\" data-widget_type=\"heading.default\">\n\t\t\t\t<div class=\"elementor-widget-container\">\n\t\t\t<h2 class=\"elementor-heading-title elementor-size-default\">Lug\u00eb plastike p\u00ebr kafe &amp; qaj\u200b<\/h2>\t\t<\/div>\n\t\t\t\t<\/div>\n\t\t\t\t<div class=\"elementor-element elementor-element-91ca93e elementor-widget-divider--view-line elementor-widget elementor-widget-divider\" data-id=\"91ca93e\" data-element_type=\"widget\" data-widget_type=\"divider.default\">\n\t\t\t\t<div class=\"elementor-widget-container\">\n\t\t\t\t\t<div class=\"elementor-divider\">\n\t\t\t<span class=\"elementor-divider-separator\">\n\t\t\t\t\t\t<\/span>\n\t\t<\/div>\n\t\t\t\t<\/div>\n\t\t\t\t<\/div>\n\t\t\t\t<div class=\"elementor-element elementor-element-f8efdc9 elementor-widget elementor-widget-text-editor\" data-id=\"f8efdc9\" data-element_type=\"widget\" data-widget_type=\"text-editor.default\">\n\t\t\t\t<div class=\"elementor-widget-container\">\n\t\t\t\t\t\t\t<table dir=\"ltr\" cellspacing=\"0\" cellpadding=\"0\" data-sheets-root=\"1\" data-sheets-baot=\"1\"><colgroup><col width=\"298\" \/><col width=\"288\" \/><\/colgroup><tbody><tr><td>BARKODI I ARTIKULLIT<\/td><td>3903008891489<\/td><\/tr><tr><td>SASIA\/COP\u00cb<\/td><td>10<\/td><\/tr><tr><td>DIMENSIONI I ARTIKULLIT\/COP\u00cb<\/td><td>280 x 70 x 140<\/td><\/tr><tr><td>PESHA E ARTIKULLIT<\/td><td>0.300 kg<\/td><\/tr><tr><td>PAKETIMI TRANSPORTUES<\/td><td>25<\/td><\/tr><tr><td>BARKODI I ARTIKULLIT N\u00cb PAKETIM<\/td><td>\u00a0<\/td><\/tr><tr><td>DIMENSIONI I ARTIKULLIT TRANSPORTUES<\/td><td>395 x 395 x 345<\/td><\/tr><tr><td>PESHA BRUTO E PAKET\u00cbS TRANSPORTUESE<\/td><td>7.80 kg<\/td><\/tr><tr><td>NUMRI I PAKETAVE TRANSPORTUESE\/PALET\u00cb<\/td><td>24<\/td><\/tr><tr><td>PESHA BRUTO\/EURO PALET\u00cb<\/td><td>209.20 kg<\/td><\/tr><tr><td>LART\u00cbSIA E PALET\u00cbS<\/td><td>1600 mm<\/td><\/tr><\/tbody><\/table>\t\t\t\t\t\t<\/div>\n\t\t\t\t<\/div>\n\t\t\t\t<\/div>\n\t\t\t\t<\/div>\n\t\t\t\t\t<\/div>\n\t\t\t\t<\/div>\n\t\t<div class=\"elementor-element elementor-element-99246f1 e-flex e-con-boxed e-con e-parent\" data-id=\"99246f1\" data-element_type=\"container\">\n\t\t\t\t\t<div class=\"e-con-inner\">\n\t\t<div class=\"elementor-element elementor-element-0ee669e e-con-full e-flex e-con e-child\" data-id=\"0ee669e\" data-element_type=\"container\">\n\t\t<div class=\"elementor-element elementor-element-51604d8 e-con-full e-flex e-con e-child\" data-id=\"51604d8\" data-element_type=\"container\">\n\t\t\t\t<div class=\"elementor-element elementor-element-c9a7b32 elementor-widget elementor-widget-image\" data-id=\"c9a7b32\" data-element_type=\"widget\" data-widget_type=\"image.default\">\n\t\t\t\t<div class=\"elementor-widget-container\">\n\t\t\t\t\t\t\t\t\t\t\t\t\t<img loading=\"lazy\" decoding=\"async\" width=\"1024\" height=\"1024\" src=\"https:\/\/ecoprogroup-ks.com\/wp-content\/uploads\/2024\/11\/Untitled-design-66-1024x1024.png\" class=\"attachment-large size-large wp-image-1250\" alt=\"\" srcset=\"https:\/\/ecoprogroup-ks.com\/wp-content\/uploads\/2024\/11\/Untitled-design-66-1024x1024.png 1024w, https:\/\/ecoprogroup-ks.com\/wp-content\/uploads\/2024\/11\/Untitled-design-66-300x300.png 300w, https:\/\/ecoprogroup-ks.com\/wp-content\/uploads\/2024\/11\/Untitled-design-66-150x150.png 150w, https:\/\/ecoprogroup-ks.com\/wp-content\/uploads\/2024\/11\/Untitled-design-66-768x768.png 768w, https:\/\/ecoprogroup-ks.com\/wp-content\/uploads\/2024\/11\/Untitled-design-66-1536x1536.png 1536w, https:\/\/ecoprogroup-ks.com\/wp-content\/uploads\/2024\/11\/Untitled-design-66-2048x2048.png 2048w\" sizes=\"(max-width: 1024px) 100vw, 1024px\" \/>\t\t\t\t\t\t\t\t\t\t\t\t\t<\/div>\n\t\t\t\t<\/div>\n\t\t\t\t<div class=\"elementor-element elementor-element-7ab7515 elementor-widget elementor-widget-image\" data-id=\"7ab7515\" data-element_type=\"widget\" data-widget_type=\"image.default\">\n\t\t\t\t<div class=\"elementor-widget-container\">\n\t\t\t\t\t\t\t\t\t\t\t\t\t<img loading=\"lazy\" decoding=\"async\" width=\"1024\" height=\"325\" src=\"https:\/\/ecoprogroup-ks.com\/wp-content\/uploads\/2024\/11\/Untitled-design-5-1-1024x325.png\" class=\"attachment-large size-large wp-image-1462\" alt=\"\" srcset=\"https:\/\/ecoprogroup-ks.com\/wp-content\/uploads\/2024\/11\/Untitled-design-5-1-1024x325.png 1024w, https:\/\/ecoprogroup-ks.com\/wp-content\/uploads\/2024\/11\/Untitled-design-5-1-300x95.png 300w, https:\/\/ecoprogroup-ks.com\/wp-content\/uploads\/2024\/11\/Untitled-design-5-1-768x244.png 768w, https:\/\/ecoprogroup-ks.com\/wp-content\/uploads\/2024\/11\/Untitled-design-5-1-1536x488.png 1536w, https:\/\/ecoprogroup-ks.com\/wp-content\/uploads\/2024\/11\/Untitled-design-5-1-2048x650.png 2048w\" sizes=\"(max-width: 1024px) 100vw, 1024px\" \/>\t\t\t\t\t\t\t\t\t\t\t\t\t<\/div>\n\t\t\t\t<\/div>\n\t\t\t\t<\/div>\n\t\t<div class=\"elementor-element elementor-element-c58340b e-con-full e-flex e-con e-child\" data-id=\"c58340b\" data-element_type=\"container\">\n\t\t\t\t<div class=\"elementor-element elementor-element-0caa7a0 elementor-widget elementor-widget-heading\" data-id=\"0caa7a0\" data-element_type=\"widget\" data-widget_type=\"heading.default\">\n\t\t\t\t<div class=\"elementor-widget-container\">\n\t\t\t<h2 class=\"elementor-heading-title elementor-size-default\">Lug\u00eb plastike me ngjyra<\/h2>\t\t<\/div>\n\t\t\t\t<\/div>\n\t\t\t\t<div class=\"elementor-element elementor-element-0267a79 elementor-widget-divider--view-line elementor-widget elementor-widget-divider\" data-id=\"0267a79\" data-element_type=\"widget\" data-widget_type=\"divider.default\">\n\t\t\t\t<div class=\"elementor-widget-container\">\n\t\t\t\t\t<div class=\"elementor-divider\">\n\t\t\t<span class=\"elementor-divider-separator\">\n\t\t\t\t\t\t<\/span>\n\t\t<\/div>\n\t\t\t\t<\/div>\n\t\t\t\t<\/div>\n\t\t\t\t<div class=\"elementor-element elementor-element-36f1247 elementor-widget elementor-widget-text-editor\" data-id=\"36f1247\" data-element_type=\"widget\" data-widget_type=\"text-editor.default\">\n\t\t\t\t<div class=\"elementor-widget-container\">\n\t\t\t\t\t\t\t<table dir=\"ltr\" cellspacing=\"0\" cellpadding=\"0\" data-sheets-root=\"1\" data-sheets-baot=\"1\"><colgroup><col width=\"298\" \/><col width=\"212\" \/><\/colgroup><tbody><tr><td>BARKODI I ARTIKULLIT<\/td><td>3903008891762<\/td><\/tr><tr><td>SASIA\/COP\u00cb<\/td><td>10<\/td><\/tr><tr><td>DIMENSIONI I ARTIKULLIT\/COP\u00cb<\/td><td>215 x 75 x 35<\/td><\/tr><tr><td>PESHA E ARTIKULLIT<\/td><td>0.031 kg<\/td><\/tr><tr><td>PAKETIMI TRANSPORTUES<\/td><td>60<\/td><\/tr><tr><td>BARKODI I ARTIKULLIT N\u00cb PAKETIM<\/td><td>\u00a0<\/td><\/tr><tr><td>DIMENSIONI I ARTIKULLIT TRANSPORTUES<\/td><td>390 x 260 x 160<\/td><\/tr><tr><td>PESHA BRUTO E PAKET\u00cbS TRANSPORTUESE<\/td><td>2.10 kg<\/td><\/tr><tr><td>NUMRI I PAKETAVE TRANSPORTUESE\/PALET\u00cb<\/td><td>88<\/td><\/tr><tr><td>PESHA BRUTO\/EURO PALET\u00cb<\/td><td>206.80 kg<\/td><\/tr><tr><td>LART\u00cbSIA E PALET\u00cbS<\/td><td>2000 mm<\/td><\/tr><\/tbody><\/table>\t\t\t\t\t\t<\/div>\n\t\t\t\t<\/div>\n\t\t\t\t<\/div>\n\t\t\t\t<\/div>\n\t\t\t\t\t<\/div>\n\t\t\t\t<\/div>\n\t\t\t\t<\/div>\n\t\t","protected":false},"excerpt":{"rendered":"<p>Lug\u00eb t\u00eb plastikes Lug\u00eb plastike BARKODI I ARTIKULLIT 3903008891434 SASIA\/COP\u00cb 10 DIMENSIONI I ARTIKULLIT\/COP\u00cb 215 x 75 x 35 PESHA E ARTIKULLIT 0.031 kg PAKETIMI TRANSPORTUES 60 BARKODI I ARTIKULLIT N\u00cb PAKETIM \u00a0 DIMENSIONI I ARTIKULLIT TRANSPORTUES 390 x 260 x 160 PESHA BRUTO E PAKET\u00cbS TRANSPORTUESE 2.10 kg NUMRI I PAKETAVE TRANSPORTUESE\/PALET\u00cb 88 PESHA [&hellip;]<\/p>\n","protected":false},"author":1,"featured_media":0,"parent":0,"menu_order":0,"comment_status":"closed","ping_status":"closed","template":"","meta":{"site-sidebar-layout":"no-sidebar","site-content-layout":"page-builder","ast-site-content-layout":"full-width-container","site-content-style":"unboxed","site-sidebar-style":"unboxed","ast-global-header-display":"","ast-banner-title-visibility":"","ast-main-header-display":"","ast-hfb-above-header-display":"","ast-hfb-below-header-display":"","ast-hfb-mobile-header-display":"","site-post-title":"disabled","ast-breadcrumbs-content":"","ast-featured-img":"disabled","footer-sml-layout":"","theme-transparent-header-meta":"enabled","adv-header-id-meta":"","stick-header-meta":"","header-above-stick-meta":"","header-main-stick-meta":"","header-below-stick-meta":"","astra-migrate-meta-layouts":"set","ast-page-background-enabled":"default","ast-page-background-meta":{"desktop":{"background-color":"","background-image":"","background-repeat":"repeat","background-position":"center center","background-size":"auto","background-attachment":"scroll","background-type":"","background-media":"","overlay-type":"","overlay-color":"","overlay-opacity":"","overlay-gradient":""},"tablet":{"background-color":"","background-image":"","background-repeat":"repeat","background-position":"center center","background-size":"auto","background-attachment":"scroll","background-type":"","background-media":"","overlay-type":"","overlay-color":"","overlay-opacity":"","overlay-gradient":""},"mobile":{"background-color":"","background-image":"","background-repeat":"repeat","background-position":"center center","background-size":"auto","background-attachment":"scroll","background-type":"","background-media":"","overlay-type":"","overlay-color":"","overlay-opacity":"","overlay-gradient":""}},"ast-content-background-meta":{"desktop":{"background-color":"var(--ast-global-color-5)","background-image":"","background-repeat":"repeat","background-position":"center center","background-size":"auto","background-attachment":"scroll","background-type":"","background-media":"","overlay-type":"","overlay-color":"","overlay-opacity":"","overlay-gradient":""},"tablet":{"background-color":"var(--ast-global-color-5)","background-image":"","background-repeat":"repeat","background-position":"center center","background-size":"auto","background-attachment":"scroll","background-type":"","background-media":"","overlay-type":"","overlay-color":"","overlay-opacity":"","overlay-gradient":""},"mobile":{"background-color":"var(--ast-global-color-5)","background-image":"","background-repeat":"repeat","background-position":"center center","background-size":"auto","background-attachment":"scroll","background-type":"","background-media":"","overlay-type":"","overlay-color":"","overlay-opacity":"","overlay-gradient":""}},"footnotes":""},"class_list":["post-1287","page","type-page","status-publish","hentry"],"aioseo_notices":[],"_links":{"self":[{"href":"https:\/\/ecoprogroup-ks.com\/sq\/wp-json\/wp\/v2\/pages\/1287","targetHints":{"allow":["GET"]}}],"collection":[{"href":"https:\/\/ecoprogroup-ks.com\/sq\/wp-json\/wp\/v2\/pages"}],"about":[{"href":"https:\/\/ecoprogroup-ks.com\/sq\/wp-json\/wp\/v2\/types\/page"}],"author":[{"embeddable":true,"href":"https:\/\/ecoprogroup-ks.com\/sq\/wp-json\/wp\/v2\/users\/1"}],"replies":[{"embeddable":true,"href":"https:\/\/ecoprogroup-ks.com\/sq\/wp-json\/wp\/v2\/comments?post=1287"}],"version-history":[{"count":12,"href":"https:\/\/ecoprogroup-ks.com\/sq\/wp-json\/wp\/v2\/pages\/1287\/revisions"}],"predecessor-version":[{"id":1468,"href":"https:\/\/ecoprogroup-ks.com\/sq\/wp-json\/wp\/v2\/pages\/1287\/revisions\/1468"}],"wp:attachment":[{"href":"https:\/\/ecoprogroup-ks.com\/sq\/wp-json\/wp\/v2\/media?parent=1287"}],"curies":[{"name":"wp","href":"https:\/\/api.w.org\/{rel}","templated":true}]}}